{"id":1472,"date":"2020-02-20T18:25:34","date_gmt":"2020-02-20T18:25:34","guid":{"rendered":"https:\/\/idrak.com\/karyera-2\/"},"modified":"2020-06-01T13:44:09","modified_gmt":"2020-06-01T09:44:09","slug":"vacancies","status":"publish","type":"page","link":"https:\/\/idrak.com\/ru\/vacancies\/","title":{"rendered":"\u0412\u0430\u043a\u0430\u043d\u0441\u0438\u0438"},"content":{"rendered":"<p>H\u00f6rm\u0259tli \u018friz\u0259\u00e7i,<\/p>\n<p>Sizi sayt\u0131m\u0131zda salamlay\u0131r\u0131q v\u0259 \u015firk\u0259timiz\u0259 maraq g\u00f6st\u0259rdiyiniz \u00fc\u00e7\u00fcn t\u0259\u015f\u0259kk\u00fcr edirik!<\/p>\n<p>\u201c\u0130DRAK Texnoloji Transfer\u201d MMC h\u0259mfikir v\u0259 pe\u015f\u0259karlar komandas\u0131d\u0131r. Biz biznesimizin sabit inki\u015faf\u0131n\u0131 v\u0259 davaml\u0131 t\u0259kmill\u0259\u015fm\u0259 arzusunu n\u0259z\u0259r\u0259 alaraq diqq\u0259timizi komandan\u0131n h\u0259r bir \u00fczv\u00fc il\u0259 uzunm\u00fcdd\u0259tli \u0259m\u0259kda\u015fl\u0131\u011fda c\u0259ml\u0259\u015fdirmi\u015fik. I\u015f\u00e7il\u0259r \u00fc\u00e7\u00fcn \u0259n vacib \u015f\u0259rt m\u00fcmk\u00fcn oldu\u011fu q\u0259d\u0259r s\u0259m\u0259r\u0259li i\u015fl\u0259m\u0259k, \u015firk\u0259tin maraqlar\u0131n\u0131 \u00f6z \u015f\u0259xsi maraqlar\u0131 kimi q\u0259bul etm\u0259k v\u0259 art\u0131q \u0259ld\u0259 edilmi\u015f n\u0259tic\u0259l\u0259rl\u0259 daha da ir\u0259li getm\u0259kdir.<\/p>\n<p>\u201c\u0130DRAK Texnoloji Transfer\u201d MMC-nin h\u0259r bir i\u015f\u00e7isi anlay\u0131r ki, o, ya\u015fad\u0131\u011f\u0131 v\u0259 i\u015fl\u0259diyi reall\u0131\u011f\u0131 yaradan \u015f\u0259xsdir. Bizim u\u011furlu komandam\u0131z diqq\u0259tini vacib m\u0259qamlarda c\u0259ml\u0259\u015fdir\u0259 bil\u0259n sa\u011flam ambisiyalara malik pe\u015f\u0259karlard\u0131r. \u015eirk\u0259timiz h\u0259r bir \u0259m\u0259kda\u015f\u0131n f\u0259rdiliyin\u0259 v\u0259 d\u0259y\u0259rl\u0259rin\u0259 h\u00f6rm\u0259t edir. Yol g\u00f6st\u0259r\u0259r\u0259k v\u0259 eyni zamanda yarad\u0131c\u0131l\u0131q imkanlar\u0131 il\u0259 t\u0259min ed\u0259r\u0259k onun t\u0259\u015f\u0259bb\u00fcskarl\u0131\u011f\u0131n\u0131 h\u0259v\u0259sl\u0259ndirir. I\u015f\u0259 qar\u015f\u0131 vicdanl\u0131 m\u00fcnasib\u0259t, enerji v\u0259 istedad\u0131n \u00a0optimal istifad\u0259si \u015eirk\u0259timiz \u00fc\u00e7\u00fcn t\u0259k m\u0259n\u0259vi m\u0259mnuniyy\u0259t deyil, h\u0259m d\u0259 maddi g\u0259lir dem\u0259kdir. Eyni zamanda bu m\u0259qamlar C\u0259miyy\u0259timizi inki\u015faf etdir\u0259n \u0259sas prinsipl\u0259ridir.<\/p>\n<p>\u201c\u0130DRAK Texnoloji Transfer\u201d MMC diqq\u0259tini h\u0259r bir i\u015f\u00e7inin \u00fcz\u0259rind\u0259 c\u0259ml\u0259\u015fdirir v\u0259 ona d\u0259y\u0259r verir. Vicdanl\u0131l\u0131q, etibarl\u0131l\u0131q v\u0259 ba\u011fl\u0131l\u0131q biz\u0259 olan etimad\u0131n \u0259sas\u0131d\u0131r.<\/p>\n<p>\u015eirk\u0259timiz\u0259 maraq g\u00f6st\u0259rdiyiniz \u00fc\u00e7\u00fcn t\u0259\u015f\u0259kk\u00fcr edir v\u0259 biziml\u0259 \u0259m\u0259kda\u015fl\u0131q etm\u0259y\u0259 d\u0259v\u0259t edirik!<\/p>\n","protected":false},"excerpt":{"rendered":"<p>H\u00f6rm\u0259tli \u018friz\u0259\u00e7i, Sizi sayt\u0131m\u0131zda salamlay\u0131r\u0131q v\u0259 \u015firk\u0259timiz\u0259 maraq g\u00f6st\u0259rdiyiniz \u00fc\u00e7\u00fcn t\u0259\u015f\u0259kk\u00fcr edirik! \u201c\u0130DRAK Texnoloji Transfer\u201d MMC h\u0259mfikir v\u0259 pe\u015f\u0259karlar komandas\u0131d\u0131r. Biz biznesimizin sabit inki\u015faf\u0131n\u0131 v\u0259 davaml\u0131 t\u0259kmill\u0259\u015fm\u0259 arzusunu n\u0259z\u0259r\u0259 alaraq diqq\u0259timizi komandan\u0131n h\u0259r bir \u00fczv\u00fc il\u0259 uzunm\u00fcdd\u0259tli \u0259m\u0259kda\u015fl\u0131\u011fda c\u0259ml\u0259\u015fdirmi\u015fik. I\u015f\u00e7il\u0259r \u00fc\u00e7\u00fcn \u0259n vacib \u015f\u0259rt m\u00fcmk\u00fcn oldu\u011fu q\u0259d\u0259r s\u0259m\u0259r\u0259li i\u015fl\u0259m\u0259k, \u015firk\u0259tin maraqlar\u0131n\u0131 \u00f6z \u015f\u0259xsi maraqlar\u0131 kimi [&hellip;]<\/p>\n","protected":false},"author":1,"featured_media":1120,"parent":0,"menu_order":0,"comment_status":"closed","ping_status":"closed","template":"page-templates\/career.php","meta":{"footnotes":""},"class_list":["post-1472","page","type-page","status-publish","has-post-thumbnail","hentry"],"yoast_head":"<!-- This site is optimized with the Yoast SEO plugin v26.9 - https:\/\/yoast.com\/product\/yoast-seo-wordpress\/ -->\n<title>\u0412\u0430\u043a\u0430\u043d\u0441\u0438\u0438 - Idrak<\/title>\n<meta name=\"description\" content=\"H\u00f6rm\u0259tli \u018friz\u0259\u00e7i,Sizi sayt\u0131m\u0131zda salamlay\u0131r\u0131q v\u0259 \u015firk\u0259timiz\u0259 maraq g\u00f6st\u0259rdiyiniz \u00fc\u00e7\u00fcn t\u0259\u015f\u0259kk\u00fcr edirik!\u201c\u0130DRAK Texnoloji Transfer\u201d MMC h\u0259mfikir v\u0259 pe\u015f\u0259karlar komandas\u0131d\u0131r. Biz biznesimizin sabit inki\u015faf\u0131n\u0131 v\u0259 davaml\u0131 t\u0259kmill\u0259\u015fm\u0259 arzusunu n\u0259z\u0259r\u0259 alaraq diqq\u0259timizi komandan\u0131n h\u0259r bir \u00fczv\u00fc il\u0259 uzunm\u00fcdd\u0259tli \u0259m\u0259kda\u015fl\u0131\u011fda c\u0259ml\u0259\u015fdirmi\u015fik. I\u015f\u00e7il\u0259r \u00fc\u00e7\u00fcn \u0259n vacib \u015f\u0259rt m\u00fcmk\u00fcn oldu\u011fu q\u0259d\u0259r s\u0259m\u0259r\u0259li i\u015fl\u0259m\u0259k, \u015firk\u0259tin maraqlar\u0131n\u0131 \u00f6z \u015f\u0259xsi maraqlar\u0131 kimi q\u0259bul etm\u0259k v\u0259 art\u0131q \u0259ld\u0259 edilmi\u015f n\u0259tic\u0259l\u0259rl\u0259 daha da ir\u0259li getm\u0259kdir.\u201c\u0130DRAK Texnoloji Transfer\u201d MMC-nin h\u0259r bir i\u015f\u00e7isi anlay\u0131r ki, o, ya\u015fad\u0131\u011f\u0131 v\u0259 i\u015fl\u0259diyi reall\u0131\u011f\u0131 yaradan \u015f\u0259xsdir. Bizim u\u011furlu komandam\u0131z diqq\u0259tini vacib m\u0259qamlarda c\u0259ml\u0259\u015fdir\u0259 bil\u0259n sa\u011flam ambisiyalara malik pe\u015f\u0259karlard\u0131r. \u015eirk\u0259timiz h\u0259r bir \u0259m\u0259kda\u015f\u0131n f\u0259rdiliyin\u0259 v\u0259 d\u0259y\u0259rl\u0259rin\u0259 h\u00f6rm\u0259t edir. Yol g\u00f6st\u0259r\u0259r\u0259k v\u0259 eyni zamanda yarad\u0131c\u0131l\u0131q imkanlar\u0131 il\u0259 t\u0259min ed\u0259r\u0259k onun t\u0259\u015f\u0259bb\u00fcskarl\u0131\u011f\u0131n\u0131 h\u0259v\u0259sl\u0259ndirir. I\u015f\u0259 qar\u015f\u0131 vicdanl\u0131 m\u00fcnasib\u0259t, enerji v\u0259 istedad\u0131n \u00a0optimal istifad\u0259si \u015eirk\u0259timiz \u00fc\u00e7\u00fcn t\u0259k m\u0259n\u0259vi m\u0259mnuniyy\u0259t deyil, h\u0259m d\u0259 maddi g\u0259lir dem\u0259kdir. Eyni zamanda bu m\u0259qamlar C\u0259miyy\u0259timizi inki\u015faf etdir\u0259n \u0259sas prinsipl\u0259ridir.\u201c\u0130DRAK Texnoloji Transfer\u201d MMC diqq\u0259tini h\u0259r bir i\u015f\u00e7inin \u00fcz\u0259rind\u0259 c\u0259ml\u0259\u015fdirir v\u0259 ona d\u0259y\u0259r verir. Vicdanl\u0131l\u0131q, etibarl\u0131l\u0131q v\u0259 ba\u011fl\u0131l\u0131q biz\u0259 olan etimad\u0131n \u0259sas\u0131d\u0131r.\u015eirk\u0259timiz\u0259 maraq g\u00f6st\u0259rdiyiniz \u00fc\u00e7\u00fcn t\u0259\u015f\u0259kk\u00fcr edir v\u0259 biziml\u0259 \u0259m\u0259kda\u015fl\u0131q etm\u0259y\u0259 d\u0259v\u0259t edirik!\" \/>\n<meta name=\"robots\" content=\"index, follow, max-snippet:-1, max-image-preview:large, max-video-preview:-1\" \/>\n<link rel=\"canonical\" href=\"https:\/\/idrak.com\/ru\/vacancies\/\" \/>\n<meta property=\"og:locale\" content=\"ru_RU\" \/>\n<meta property=\"og:type\" content=\"article\" \/>\n<meta property=\"og:title\" content=\"\u0412\u0430\u043a\u0430\u043d\u0441\u0438\u0438 - Idrak\" \/>\n<meta property=\"og:description\" content=\"H\u00f6rm\u0259tli \u018friz\u0259\u00e7i,Sizi sayt\u0131m\u0131zda salamlay\u0131r\u0131q v\u0259 \u015firk\u0259timiz\u0259 maraq g\u00f6st\u0259rdiyiniz \u00fc\u00e7\u00fcn t\u0259\u015f\u0259kk\u00fcr edirik!\u201c\u0130DRAK Texnoloji Transfer\u201d MMC h\u0259mfikir v\u0259 pe\u015f\u0259karlar komandas\u0131d\u0131r. Biz biznesimizin sabit inki\u015faf\u0131n\u0131 v\u0259 davaml\u0131 t\u0259kmill\u0259\u015fm\u0259 arzusunu n\u0259z\u0259r\u0259 alaraq diqq\u0259timizi komandan\u0131n h\u0259r bir \u00fczv\u00fc il\u0259 uzunm\u00fcdd\u0259tli \u0259m\u0259kda\u015fl\u0131\u011fda c\u0259ml\u0259\u015fdirmi\u015fik. I\u015f\u00e7il\u0259r \u00fc\u00e7\u00fcn \u0259n vacib \u015f\u0259rt m\u00fcmk\u00fcn oldu\u011fu q\u0259d\u0259r s\u0259m\u0259r\u0259li i\u015fl\u0259m\u0259k, \u015firk\u0259tin maraqlar\u0131n\u0131 \u00f6z \u015f\u0259xsi maraqlar\u0131 kimi q\u0259bul etm\u0259k v\u0259 art\u0131q \u0259ld\u0259 edilmi\u015f n\u0259tic\u0259l\u0259rl\u0259 daha da ir\u0259li getm\u0259kdir.\u201c\u0130DRAK Texnoloji Transfer\u201d MMC-nin h\u0259r bir i\u015f\u00e7isi anlay\u0131r ki, o, ya\u015fad\u0131\u011f\u0131 v\u0259 i\u015fl\u0259diyi reall\u0131\u011f\u0131 yaradan \u015f\u0259xsdir. Bizim u\u011furlu komandam\u0131z diqq\u0259tini vacib m\u0259qamlarda c\u0259ml\u0259\u015fdir\u0259 bil\u0259n sa\u011flam ambisiyalara malik pe\u015f\u0259karlard\u0131r. \u015eirk\u0259timiz h\u0259r bir \u0259m\u0259kda\u015f\u0131n f\u0259rdiliyin\u0259 v\u0259 d\u0259y\u0259rl\u0259rin\u0259 h\u00f6rm\u0259t edir. Yol g\u00f6st\u0259r\u0259r\u0259k v\u0259 eyni zamanda yarad\u0131c\u0131l\u0131q imkanlar\u0131 il\u0259 t\u0259min ed\u0259r\u0259k onun t\u0259\u015f\u0259bb\u00fcskarl\u0131\u011f\u0131n\u0131 h\u0259v\u0259sl\u0259ndirir. I\u015f\u0259 qar\u015f\u0131 vicdanl\u0131 m\u00fcnasib\u0259t, enerji v\u0259 istedad\u0131n \u00a0optimal istifad\u0259si \u015eirk\u0259timiz \u00fc\u00e7\u00fcn t\u0259k m\u0259n\u0259vi m\u0259mnuniyy\u0259t deyil, h\u0259m d\u0259 maddi g\u0259lir dem\u0259kdir. Eyni zamanda bu m\u0259qamlar C\u0259miyy\u0259timizi inki\u015faf etdir\u0259n \u0259sas prinsipl\u0259ridir.\u201c\u0130DRAK Texnoloji Transfer\u201d MMC diqq\u0259tini h\u0259r bir i\u015f\u00e7inin \u00fcz\u0259rind\u0259 c\u0259ml\u0259\u015fdirir v\u0259 ona d\u0259y\u0259r verir. Vicdanl\u0131l\u0131q, etibarl\u0131l\u0131q v\u0259 ba\u011fl\u0131l\u0131q biz\u0259 olan etimad\u0131n \u0259sas\u0131d\u0131r.\u015eirk\u0259timiz\u0259 maraq g\u00f6st\u0259rdiyiniz \u00fc\u00e7\u00fcn t\u0259\u015f\u0259kk\u00fcr edir v\u0259 biziml\u0259 \u0259m\u0259kda\u015fl\u0131q etm\u0259y\u0259 d\u0259v\u0259t edirik!\" \/>\n<meta property=\"og:url\" content=\"https:\/\/idrak.com\/ru\/vacancies\/\" \/>\n<meta property=\"og:site_name\" content=\"Idrak.az\" \/>\n<meta property=\"article:modified_time\" content=\"2020-06-01T09:44:09+00:00\" \/>\n<meta property=\"og:image\" content=\"https:\/\/idrak.com\/wp-content\/uploads\/2020\/04\/karyera_14.04.2020-1.png\" \/>\n\t<meta property=\"og:image:width\" content=\"794\" \/>\n\t<meta property=\"og:image:height\" content=\"175\" \/>\n\t<meta property=\"og:image:type\" content=\"image\/png\" \/>\n<meta name=\"twitter:card\" content=\"summary_large_image\" \/>\n<meta name=\"twitter:label1\" content=\"\u041f\u0440\u0438\u043c\u0435\u0440\u043d\u043e\u0435 \u0432\u0440\u0435\u043c\u044f \u0434\u043b\u044f \u0447\u0442\u0435\u043d\u0438\u044f\" \/>\n\t<meta name=\"twitter:data1\" content=\"2 \u043c\u0438\u043d\u0443\u0442\u044b\" \/>\n<script type=\"application\/ld+json\" class=\"yoast-schema-graph\">{\"@context\":\"https:\/\/schema.org\",\"@graph\":[{\"@type\":\"WebPage\",\"@id\":\"https:\/\/idrak.com\/ru\/vacancies\/\",\"url\":\"https:\/\/idrak.com\/ru\/vacancies\/\",\"name\":\"\u0412\u0430\u043a\u0430\u043d\u0441\u0438\u0438 - Idrak\",\"isPartOf\":{\"@id\":\"https:\/\/idrak.com\/#website\"},\"primaryImageOfPage\":{\"@id\":\"https:\/\/idrak.com\/ru\/vacancies\/#primaryimage\"},\"image\":{\"@id\":\"https:\/\/idrak.com\/ru\/vacancies\/#primaryimage\"},\"thumbnailUrl\":\"https:\/\/idrak.com\/wp-content\/uploads\/2020\/04\/karyera_14.04.2020-1.png\",\"datePublished\":\"2020-02-20T18:25:34+00:00\",\"dateModified\":\"2020-06-01T09:44:09+00:00\",\"description\":\"H\u00f6rm\u0259tli \u018friz\u0259\u00e7i,Sizi sayt\u0131m\u0131zda salamlay\u0131r\u0131q v\u0259 \u015firk\u0259timiz\u0259 maraq g\u00f6st\u0259rdiyiniz \u00fc\u00e7\u00fcn t\u0259\u015f\u0259kk\u00fcr edirik!\u201c\u0130DRAK Texnoloji Transfer\u201d MMC h\u0259mfikir v\u0259 pe\u015f\u0259karlar komandas\u0131d\u0131r. Biz biznesimizin sabit inki\u015faf\u0131n\u0131 v\u0259 davaml\u0131 t\u0259kmill\u0259\u015fm\u0259 arzusunu n\u0259z\u0259r\u0259 alaraq diqq\u0259timizi komandan\u0131n h\u0259r bir \u00fczv\u00fc il\u0259 uzunm\u00fcdd\u0259tli \u0259m\u0259kda\u015fl\u0131\u011fda c\u0259ml\u0259\u015fdirmi\u015fik. I\u015f\u00e7il\u0259r \u00fc\u00e7\u00fcn \u0259n vacib \u015f\u0259rt m\u00fcmk\u00fcn oldu\u011fu q\u0259d\u0259r s\u0259m\u0259r\u0259li i\u015fl\u0259m\u0259k, \u015firk\u0259tin maraqlar\u0131n\u0131 \u00f6z \u015f\u0259xsi maraqlar\u0131 kimi q\u0259bul etm\u0259k v\u0259 art\u0131q \u0259ld\u0259 edilmi\u015f n\u0259tic\u0259l\u0259rl\u0259 daha da ir\u0259li getm\u0259kdir.\u201c\u0130DRAK Texnoloji Transfer\u201d MMC-nin h\u0259r bir i\u015f\u00e7isi anlay\u0131r ki, o, ya\u015fad\u0131\u011f\u0131 v\u0259 i\u015fl\u0259diyi reall\u0131\u011f\u0131 yaradan \u015f\u0259xsdir. Bizim u\u011furlu komandam\u0131z diqq\u0259tini vacib m\u0259qamlarda c\u0259ml\u0259\u015fdir\u0259 bil\u0259n sa\u011flam ambisiyalara malik pe\u015f\u0259karlard\u0131r. \u015eirk\u0259timiz h\u0259r bir \u0259m\u0259kda\u015f\u0131n f\u0259rdiliyin\u0259 v\u0259 d\u0259y\u0259rl\u0259rin\u0259 h\u00f6rm\u0259t edir. Yol g\u00f6st\u0259r\u0259r\u0259k v\u0259 eyni zamanda yarad\u0131c\u0131l\u0131q imkanlar\u0131 il\u0259 t\u0259min ed\u0259r\u0259k onun t\u0259\u015f\u0259bb\u00fcskarl\u0131\u011f\u0131n\u0131 h\u0259v\u0259sl\u0259ndirir. I\u015f\u0259 qar\u015f\u0131 vicdanl\u0131 m\u00fcnasib\u0259t, enerji v\u0259 istedad\u0131n \u00a0optimal istifad\u0259si \u015eirk\u0259timiz \u00fc\u00e7\u00fcn t\u0259k m\u0259n\u0259vi m\u0259mnuniyy\u0259t deyil, h\u0259m d\u0259 maddi g\u0259lir dem\u0259kdir. Eyni zamanda bu m\u0259qamlar C\u0259miyy\u0259timizi inki\u015faf etdir\u0259n \u0259sas prinsipl\u0259ridir.\u201c\u0130DRAK Texnoloji Transfer\u201d MMC diqq\u0259tini h\u0259r bir i\u015f\u00e7inin \u00fcz\u0259rind\u0259 c\u0259ml\u0259\u015fdirir v\u0259 ona d\u0259y\u0259r verir. Vicdanl\u0131l\u0131q, etibarl\u0131l\u0131q v\u0259 ba\u011fl\u0131l\u0131q biz\u0259 olan etimad\u0131n \u0259sas\u0131d\u0131r.\u015eirk\u0259timiz\u0259 maraq g\u00f6st\u0259rdiyiniz \u00fc\u00e7\u00fcn t\u0259\u015f\u0259kk\u00fcr edir v\u0259 biziml\u0259 \u0259m\u0259kda\u015fl\u0131q etm\u0259y\u0259 d\u0259v\u0259t edirik!\",\"breadcrumb\":{\"@id\":\"https:\/\/idrak.com\/ru\/vacancies\/#breadcrumb\"},\"inLanguage\":\"ru-RU\",\"potentialAction\":[{\"@type\":\"ReadAction\",\"target\":[\"https:\/\/idrak.com\/ru\/vacancies\/\"]}]},{\"@type\":\"ImageObject\",\"inLanguage\":\"ru-RU\",\"@id\":\"https:\/\/idrak.com\/ru\/vacancies\/#primaryimage\",\"url\":\"https:\/\/idrak.com\/wp-content\/uploads\/2020\/04\/karyera_14.04.2020-1.png\",\"contentUrl\":\"https:\/\/idrak.com\/wp-content\/uploads\/2020\/04\/karyera_14.04.2020-1.png\",\"width\":794,\"height\":175},{\"@type\":\"BreadcrumbList\",\"@id\":\"https:\/\/idrak.com\/ru\/vacancies\/#breadcrumb\",\"itemListElement\":[{\"@type\":\"ListItem\",\"position\":1,\"name\":\"Home\",\"item\":\"https:\/\/idrak.com\/ru\/\"},{\"@type\":\"ListItem\",\"position\":2,\"name\":\"\u0412\u0430\u043a\u0430\u043d\u0441\u0438\u0438\"}]},{\"@type\":\"WebSite\",\"@id\":\"https:\/\/idrak.com\/#website\",\"url\":\"https:\/\/idrak.com\/\",\"name\":\"Idrak.az\",\"description\":\"\",\"potentialAction\":[{\"@type\":\"SearchAction\",\"target\":{\"@type\":\"EntryPoint\",\"urlTemplate\":\"https:\/\/idrak.com\/?s={search_term_string}\"},\"query-input\":{\"@type\":\"PropertyValueSpecification\",\"valueRequired\":true,\"valueName\":\"search_term_string\"}}],\"inLanguage\":\"ru-RU\"}]}<\/script>\n<!-- \/ Yoast SEO plugin. -->","yoast_head_json":{"title":"\u0412\u0430\u043a\u0430\u043d\u0441\u0438\u0438 - Idrak","description":"H\u00f6rm\u0259tli \u018friz\u0259\u00e7i,Sizi sayt\u0131m\u0131zda salamlay\u0131r\u0131q v\u0259 \u015firk\u0259timiz\u0259 maraq g\u00f6st\u0259rdiyiniz \u00fc\u00e7\u00fcn t\u0259\u015f\u0259kk\u00fcr edirik!\u201c\u0130DRAK Texnoloji Transfer\u201d MMC h\u0259mfikir v\u0259 pe\u015f\u0259karlar komandas\u0131d\u0131r. Biz biznesimizin sabit inki\u015faf\u0131n\u0131 v\u0259 davaml\u0131 t\u0259kmill\u0259\u015fm\u0259 arzusunu n\u0259z\u0259r\u0259 alaraq diqq\u0259timizi komandan\u0131n h\u0259r bir \u00fczv\u00fc il\u0259 uzunm\u00fcdd\u0259tli \u0259m\u0259kda\u015fl\u0131\u011fda c\u0259ml\u0259\u015fdirmi\u015fik. I\u015f\u00e7il\u0259r \u00fc\u00e7\u00fcn \u0259n vacib \u015f\u0259rt m\u00fcmk\u00fcn oldu\u011fu q\u0259d\u0259r s\u0259m\u0259r\u0259li i\u015fl\u0259m\u0259k, \u015firk\u0259tin maraqlar\u0131n\u0131 \u00f6z \u015f\u0259xsi maraqlar\u0131 kimi q\u0259bul etm\u0259k v\u0259 art\u0131q \u0259ld\u0259 edilmi\u015f n\u0259tic\u0259l\u0259rl\u0259 daha da ir\u0259li getm\u0259kdir.\u201c\u0130DRAK Texnoloji Transfer\u201d MMC-nin h\u0259r bir i\u015f\u00e7isi anlay\u0131r ki, o, ya\u015fad\u0131\u011f\u0131 v\u0259 i\u015fl\u0259diyi reall\u0131\u011f\u0131 yaradan \u015f\u0259xsdir. Bizim u\u011furlu komandam\u0131z diqq\u0259tini vacib m\u0259qamlarda c\u0259ml\u0259\u015fdir\u0259 bil\u0259n sa\u011flam ambisiyalara malik pe\u015f\u0259karlard\u0131r. \u015eirk\u0259timiz h\u0259r bir \u0259m\u0259kda\u015f\u0131n f\u0259rdiliyin\u0259 v\u0259 d\u0259y\u0259rl\u0259rin\u0259 h\u00f6rm\u0259t edir. Yol g\u00f6st\u0259r\u0259r\u0259k v\u0259 eyni zamanda yarad\u0131c\u0131l\u0131q imkanlar\u0131 il\u0259 t\u0259min ed\u0259r\u0259k onun t\u0259\u015f\u0259bb\u00fcskarl\u0131\u011f\u0131n\u0131 h\u0259v\u0259sl\u0259ndirir. I\u015f\u0259 qar\u015f\u0131 vicdanl\u0131 m\u00fcnasib\u0259t, enerji v\u0259 istedad\u0131n \u00a0optimal istifad\u0259si \u015eirk\u0259timiz \u00fc\u00e7\u00fcn t\u0259k m\u0259n\u0259vi m\u0259mnuniyy\u0259t deyil, h\u0259m d\u0259 maddi g\u0259lir dem\u0259kdir. Eyni zamanda bu m\u0259qamlar C\u0259miyy\u0259timizi inki\u015faf etdir\u0259n \u0259sas prinsipl\u0259ridir.\u201c\u0130DRAK Texnoloji Transfer\u201d MMC diqq\u0259tini h\u0259r bir i\u015f\u00e7inin \u00fcz\u0259rind\u0259 c\u0259ml\u0259\u015fdirir v\u0259 ona d\u0259y\u0259r verir. Vicdanl\u0131l\u0131q, etibarl\u0131l\u0131q v\u0259 ba\u011fl\u0131l\u0131q biz\u0259 olan etimad\u0131n \u0259sas\u0131d\u0131r.\u015eirk\u0259timiz\u0259 maraq g\u00f6st\u0259rdiyiniz \u00fc\u00e7\u00fcn t\u0259\u015f\u0259kk\u00fcr edir v\u0259 biziml\u0259 \u0259m\u0259kda\u015fl\u0131q etm\u0259y\u0259 d\u0259v\u0259t edirik!","robots":{"index":"index","follow":"follow","max-snippet":"max-snippet:-1","max-image-preview":"max-image-preview:large","max-video-preview":"max-video-preview:-1"},"canonical":"https:\/\/idrak.com\/ru\/vacancies\/","og_locale":"ru_RU","og_type":"article","og_title":"\u0412\u0430\u043a\u0430\u043d\u0441\u0438\u0438 - Idrak","og_description":"H\u00f6rm\u0259tli \u018friz\u0259\u00e7i,Sizi sayt\u0131m\u0131zda salamlay\u0131r\u0131q v\u0259 \u015firk\u0259timiz\u0259 maraq g\u00f6st\u0259rdiyiniz \u00fc\u00e7\u00fcn t\u0259\u015f\u0259kk\u00fcr edirik!\u201c\u0130DRAK Texnoloji Transfer\u201d MMC h\u0259mfikir v\u0259 pe\u015f\u0259karlar komandas\u0131d\u0131r. Biz biznesimizin sabit inki\u015faf\u0131n\u0131 v\u0259 davaml\u0131 t\u0259kmill\u0259\u015fm\u0259 arzusunu n\u0259z\u0259r\u0259 alaraq diqq\u0259timizi komandan\u0131n h\u0259r bir \u00fczv\u00fc il\u0259 uzunm\u00fcdd\u0259tli \u0259m\u0259kda\u015fl\u0131\u011fda c\u0259ml\u0259\u015fdirmi\u015fik. I\u015f\u00e7il\u0259r \u00fc\u00e7\u00fcn \u0259n vacib \u015f\u0259rt m\u00fcmk\u00fcn oldu\u011fu q\u0259d\u0259r s\u0259m\u0259r\u0259li i\u015fl\u0259m\u0259k, \u015firk\u0259tin maraqlar\u0131n\u0131 \u00f6z \u015f\u0259xsi maraqlar\u0131 kimi q\u0259bul etm\u0259k v\u0259 art\u0131q \u0259ld\u0259 edilmi\u015f n\u0259tic\u0259l\u0259rl\u0259 daha da ir\u0259li getm\u0259kdir.\u201c\u0130DRAK Texnoloji Transfer\u201d MMC-nin h\u0259r bir i\u015f\u00e7isi anlay\u0131r ki, o, ya\u015fad\u0131\u011f\u0131 v\u0259 i\u015fl\u0259diyi reall\u0131\u011f\u0131 yaradan \u015f\u0259xsdir. Bizim u\u011furlu komandam\u0131z diqq\u0259tini vacib m\u0259qamlarda c\u0259ml\u0259\u015fdir\u0259 bil\u0259n sa\u011flam ambisiyalara malik pe\u015f\u0259karlard\u0131r. \u015eirk\u0259timiz h\u0259r bir \u0259m\u0259kda\u015f\u0131n f\u0259rdiliyin\u0259 v\u0259 d\u0259y\u0259rl\u0259rin\u0259 h\u00f6rm\u0259t edir. Yol g\u00f6st\u0259r\u0259r\u0259k v\u0259 eyni zamanda yarad\u0131c\u0131l\u0131q imkanlar\u0131 il\u0259 t\u0259min ed\u0259r\u0259k onun t\u0259\u015f\u0259bb\u00fcskarl\u0131\u011f\u0131n\u0131 h\u0259v\u0259sl\u0259ndirir. I\u015f\u0259 qar\u015f\u0131 vicdanl\u0131 m\u00fcnasib\u0259t, enerji v\u0259 istedad\u0131n \u00a0optimal istifad\u0259si \u015eirk\u0259timiz \u00fc\u00e7\u00fcn t\u0259k m\u0259n\u0259vi m\u0259mnuniyy\u0259t deyil, h\u0259m d\u0259 maddi g\u0259lir dem\u0259kdir. Eyni zamanda bu m\u0259qamlar C\u0259miyy\u0259timizi inki\u015faf etdir\u0259n \u0259sas prinsipl\u0259ridir.\u201c\u0130DRAK Texnoloji Transfer\u201d MMC diqq\u0259tini h\u0259r bir i\u015f\u00e7inin \u00fcz\u0259rind\u0259 c\u0259ml\u0259\u015fdirir v\u0259 ona d\u0259y\u0259r verir. Vicdanl\u0131l\u0131q, etibarl\u0131l\u0131q v\u0259 ba\u011fl\u0131l\u0131q biz\u0259 olan etimad\u0131n \u0259sas\u0131d\u0131r.\u015eirk\u0259timiz\u0259 maraq g\u00f6st\u0259rdiyiniz \u00fc\u00e7\u00fcn t\u0259\u015f\u0259kk\u00fcr edir v\u0259 biziml\u0259 \u0259m\u0259kda\u015fl\u0131q etm\u0259y\u0259 d\u0259v\u0259t edirik!","og_url":"https:\/\/idrak.com\/ru\/vacancies\/","og_site_name":"Idrak.az","article_modified_time":"2020-06-01T09:44:09+00:00","og_image":[{"width":794,"height":175,"url":"https:\/\/idrak.com\/wp-content\/uploads\/2020\/04\/karyera_14.04.2020-1.png","type":"image\/png"}],"twitter_card":"summary_large_image","twitter_misc":{"\u041f\u0440\u0438\u043c\u0435\u0440\u043d\u043e\u0435 \u0432\u0440\u0435\u043c\u044f \u0434\u043b\u044f \u0447\u0442\u0435\u043d\u0438\u044f":"2 \u043c\u0438\u043d\u0443\u0442\u044b"},"schema":{"@context":"https:\/\/schema.org","@graph":[{"@type":"WebPage","@id":"https:\/\/idrak.com\/ru\/vacancies\/","url":"https:\/\/idrak.com\/ru\/vacancies\/","name":"\u0412\u0430\u043a\u0430\u043d\u0441\u0438\u0438 - Idrak","isPartOf":{"@id":"https:\/\/idrak.com\/#website"},"primaryImageOfPage":{"@id":"https:\/\/idrak.com\/ru\/vacancies\/#primaryimage"},"image":{"@id":"https:\/\/idrak.com\/ru\/vacancies\/#primaryimage"},"thumbnailUrl":"https:\/\/idrak.com\/wp-content\/uploads\/2020\/04\/karyera_14.04.2020-1.png","datePublished":"2020-02-20T18:25:34+00:00","dateModified":"2020-06-01T09:44:09+00:00","description":"H\u00f6rm\u0259tli \u018friz\u0259\u00e7i,Sizi sayt\u0131m\u0131zda salamlay\u0131r\u0131q v\u0259 \u015firk\u0259timiz\u0259 maraq g\u00f6st\u0259rdiyiniz \u00fc\u00e7\u00fcn t\u0259\u015f\u0259kk\u00fcr edirik!\u201c\u0130DRAK Texnoloji Transfer\u201d MMC h\u0259mfikir v\u0259 pe\u015f\u0259karlar komandas\u0131d\u0131r. Biz biznesimizin sabit inki\u015faf\u0131n\u0131 v\u0259 davaml\u0131 t\u0259kmill\u0259\u015fm\u0259 arzusunu n\u0259z\u0259r\u0259 alaraq diqq\u0259timizi komandan\u0131n h\u0259r bir \u00fczv\u00fc il\u0259 uzunm\u00fcdd\u0259tli \u0259m\u0259kda\u015fl\u0131\u011fda c\u0259ml\u0259\u015fdirmi\u015fik. I\u015f\u00e7il\u0259r \u00fc\u00e7\u00fcn \u0259n vacib \u015f\u0259rt m\u00fcmk\u00fcn oldu\u011fu q\u0259d\u0259r s\u0259m\u0259r\u0259li i\u015fl\u0259m\u0259k, \u015firk\u0259tin maraqlar\u0131n\u0131 \u00f6z \u015f\u0259xsi maraqlar\u0131 kimi q\u0259bul etm\u0259k v\u0259 art\u0131q \u0259ld\u0259 edilmi\u015f n\u0259tic\u0259l\u0259rl\u0259 daha da ir\u0259li getm\u0259kdir.\u201c\u0130DRAK Texnoloji Transfer\u201d MMC-nin h\u0259r bir i\u015f\u00e7isi anlay\u0131r ki, o, ya\u015fad\u0131\u011f\u0131 v\u0259 i\u015fl\u0259diyi reall\u0131\u011f\u0131 yaradan \u015f\u0259xsdir. Bizim u\u011furlu komandam\u0131z diqq\u0259tini vacib m\u0259qamlarda c\u0259ml\u0259\u015fdir\u0259 bil\u0259n sa\u011flam ambisiyalara malik pe\u015f\u0259karlard\u0131r. \u015eirk\u0259timiz h\u0259r bir \u0259m\u0259kda\u015f\u0131n f\u0259rdiliyin\u0259 v\u0259 d\u0259y\u0259rl\u0259rin\u0259 h\u00f6rm\u0259t edir. Yol g\u00f6st\u0259r\u0259r\u0259k v\u0259 eyni zamanda yarad\u0131c\u0131l\u0131q imkanlar\u0131 il\u0259 t\u0259min ed\u0259r\u0259k onun t\u0259\u015f\u0259bb\u00fcskarl\u0131\u011f\u0131n\u0131 h\u0259v\u0259sl\u0259ndirir. I\u015f\u0259 qar\u015f\u0131 vicdanl\u0131 m\u00fcnasib\u0259t, enerji v\u0259 istedad\u0131n \u00a0optimal istifad\u0259si \u015eirk\u0259timiz \u00fc\u00e7\u00fcn t\u0259k m\u0259n\u0259vi m\u0259mnuniyy\u0259t deyil, h\u0259m d\u0259 maddi g\u0259lir dem\u0259kdir. Eyni zamanda bu m\u0259qamlar C\u0259miyy\u0259timizi inki\u015faf etdir\u0259n \u0259sas prinsipl\u0259ridir.\u201c\u0130DRAK Texnoloji Transfer\u201d MMC diqq\u0259tini h\u0259r bir i\u015f\u00e7inin \u00fcz\u0259rind\u0259 c\u0259ml\u0259\u015fdirir v\u0259 ona d\u0259y\u0259r verir. Vicdanl\u0131l\u0131q, etibarl\u0131l\u0131q v\u0259 ba\u011fl\u0131l\u0131q biz\u0259 olan etimad\u0131n \u0259sas\u0131d\u0131r.\u015eirk\u0259timiz\u0259 maraq g\u00f6st\u0259rdiyiniz \u00fc\u00e7\u00fcn t\u0259\u015f\u0259kk\u00fcr edir v\u0259 biziml\u0259 \u0259m\u0259kda\u015fl\u0131q etm\u0259y\u0259 d\u0259v\u0259t edirik!","breadcrumb":{"@id":"https:\/\/idrak.com\/ru\/vacancies\/#breadcrumb"},"inLanguage":"ru-RU","potentialAction":[{"@type":"ReadAction","target":["https:\/\/idrak.com\/ru\/vacancies\/"]}]},{"@type":"ImageObject","inLanguage":"ru-RU","@id":"https:\/\/idrak.com\/ru\/vacancies\/#primaryimage","url":"https:\/\/idrak.com\/wp-content\/uploads\/2020\/04\/karyera_14.04.2020-1.png","contentUrl":"https:\/\/idrak.com\/wp-content\/uploads\/2020\/04\/karyera_14.04.2020-1.png","width":794,"height":175},{"@type":"BreadcrumbList","@id":"https:\/\/idrak.com\/ru\/vacancies\/#breadcrumb","itemListElement":[{"@type":"ListItem","position":1,"name":"Home","item":"https:\/\/idrak.com\/ru\/"},{"@type":"ListItem","position":2,"name":"\u0412\u0430\u043a\u0430\u043d\u0441\u0438\u0438"}]},{"@type":"WebSite","@id":"https:\/\/idrak.com\/#website","url":"https:\/\/idrak.com\/","name":"Idrak.az","description":"","potentialAction":[{"@type":"SearchAction","target":{"@type":"EntryPoint","urlTemplate":"https:\/\/idrak.com\/?s={search_term_string}"},"query-input":{"@type":"PropertyValueSpecification","valueRequired":true,"valueName":"search_term_string"}}],"inLanguage":"ru-RU"}]}},"_links":{"self":[{"href":"https:\/\/idrak.com\/ru\/wp-json\/wp\/v2\/pages\/1472","targetHints":{"allow":["GET"]}}],"collection":[{"href":"https:\/\/idrak.com\/ru\/wp-json\/wp\/v2\/pages"}],"about":[{"href":"https:\/\/idrak.com\/ru\/wp-json\/wp\/v2\/types\/page"}],"author":[{"embeddable":true,"href":"https:\/\/idrak.com\/ru\/wp-json\/wp\/v2\/users\/1"}],"replies":[{"embeddable":true,"href":"https:\/\/idrak.com\/ru\/wp-json\/wp\/v2\/comments?post=1472"}],"version-history":[{"count":5,"href":"https:\/\/idrak.com\/ru\/wp-json\/wp\/v2\/pages\/1472\/revisions"}],"predecessor-version":[{"id":1628,"href":"https:\/\/idrak.com\/ru\/wp-json\/wp\/v2\/pages\/1472\/revisions\/1628"}],"wp:featuredmedia":[{"embeddable":true,"href":"https:\/\/idrak.com\/ru\/wp-json\/wp\/v2\/media\/1120"}],"wp:attachment":[{"href":"https:\/\/idrak.com\/ru\/wp-json\/wp\/v2\/media?parent=1472"}],"curies":[{"name":"wp","href":"https:\/\/api.w.org\/{rel}","templated":true}]}}